{"id":225,"date":"2018-09-28T09:24:33","date_gmt":"2018-09-28T02:24:33","guid":{"rendered":"https:\/\/honglamtravel.com\/?post_type=product&#038;p=225"},"modified":"2018-09-28T14:09:26","modified_gmt":"2018-09-28T07:09:26","slug":"ha-noi-sapa-fanxipan-ha-long-5n4d","status":"publish","type":"product","link":"https:\/\/honglamtravel.com\/?product=ha-noi-sapa-fanxipan-ha-long-5n4d","title":{"rendered":"H\u00e0 N\u1ed9i &#8211; Sapa &#8211; Fanxipan &#8211; H\u1ea1 Long (5N4\u0110)"},"content":{"rendered":"<p><img loading=\"lazy\" decoding=\"async\" src=\"https:\/\/honglamtravel.com\/wp-content\/uploads\/2018\/09\/hn-trang-an-ha-long-sapa-fansipan-1.png\" alt=\"\" width=\"800\" height=\"250\" \/><\/p>\n<p>HDV \u0111\u00f3n Qu\u00fd kh\u00e1ch t\u1ea1i s\u00e2n bay T\u00e2n S\u01a1n Nh\u1ea5t l\u00fac 04h30. T\u1eb7ng qu\u00e0 l\u01b0u ni\u1ec7m cho Qu\u00fd kh\u00e1ch, l\u00e0m th\u1ee7 t\u1ee5c \u0111\u01b0a Qu\u00fd kh\u00e1ch l\u00ean chuy\u1ebfn bay\u00a0VJ176\u00a0kh\u1edfi h\u00e0nh l\u00fac 06h10 \u0111\u01b0a Qu\u00fd kh\u00e1ch\u00a0ra\u00a0s\u00e2n bay N\u1ed9i B\u00e0i.\u00a0\u0110\u1ebfn s\u00e2n bay N\u1ed9i B\u00e0i, xe \u00f4 t\u00f4 v\u00e0 h\u01b0\u1edbng d\u1eabn vi\u00ean \u0111\u01b0a qu\u00fd kh\u00e1ch \u0111i \u0103n s\u00e1ng t\u1ea1i nh\u00e0 h\u00e0ng.<\/p>\n<p>\u0110o\u00e0n kh\u1edfi h\u00e0nh \u0111i Sapa theo cung \u0111\u01b0\u1eddng cao t\u1ed1c hi\u1ec7n \u0111\u1ea1i v\u00e0 d\u00e0i nh\u1ea5t Vi\u1ec7t Nam.<\/p>\n<p>Tr\u01b0a:\u00a0Qu\u00fd kh\u00e1ch \u0103n tr\u01b0a t\u1ea1i nh\u00e0 h\u00e0ng.<\/p>\n<p>T\u1edbi Sapa, Qu\u00fd kh\u00e1ch l\u00e0m th\u1ee7 t\u1ee5c nh\u1eadn ph\u00f2ng kh\u00e1ch s\u1ea1n. Xe v\u00e0 h\u01b0\u1edbng d\u1eabn vi\u00ean \u0111\u01b0a Qu\u00fd kh\u00e1ch \u0111i th\u0103m quan kh\u00e1m ph\u00e1\u00a0b\u1ea3n C\u00e1t C\u00e1t v\u00e0 Th\u00e1c Th\u1ee7y \u0110i\u1ec7n,\u00a0th\u01b0\u1edfng th\u1ee9c c\u00e1c ti\u1ebft m\u1ee5c bi\u1ec3u di\u1ec5n v\u0103n ngh\u1ec7 v\u00e0 t\u00ecm hi\u1ec3u v\u0103n h\u00f3a, phong t\u1ee5c \u0111\u1ed9c \u0111\u00e1o c\u1ee7a \u0111\u1ed3ng b\u00e0o d\u00e2n t\u1ed9c thi\u1ec3u s\u1ed1 n\u01a1i \u0111\u00e2y v\u1edbi ngh\u1ec1 truy\u1ec1n th\u1ed1ng nh\u01b0 d\u1ec7t v\u1ea3i, ch\u1ea1m tr\u1ed5 b\u1ea1c, r\u00e8n n\u00f4ng c\u1ee5, t\u1ee5c k\u00e9o v\u1ee3,&#8230;<\/p>\n<p>T\u1ed1i:\u00a0\u0110o\u00e0n \u0103n t\u1ed1i t\u1ea1i nh\u00e0 h\u00e0ng v\u00e0 t\u1ef1 do kh\u00e1m ph\u00e1\u00a0Sapa v\u1ec1 \u0111\u00eam, th\u0103m quan\u00a0nh\u00e0 Th\u1edd \u0110\u00e1,\u00a0th\u01b0\u1edfng th\u1ee9c c\u00e1c m\u00f3n n\u01b0\u1edbng\u2026Ngh\u1ec9 \u0111\u00eam t\u1ea1i\u00a0kh\u00e1ch s\u1ea1n Royal 3*\u00a0ho\u1eb7c t\u01b0\u01a1ng \u0111\u01b0\u01a1ng.<\/p>\n<h2>SAPA &#8211; FANSIPAN &#8211; H\u00c0 N\u1ed8I<\/h2>\n<p>S\u00e1ng:\u00a0d\u00f9ng \u0111i\u1ec3m t\u00e2m s\u00e1ng, Xe \u0111\u01b0a \u0111o\u00e0n ra ga c\u00e1p treo l\u00ean th\u0103m quan ch\u1ed1n b\u1ed3ng lai ti\u00ean c\u1ea3nh &#8211; \u0111\u1ec9nh Fansipan,\u00a0n\u00f3c nh\u00e0 \u0110\u00f4ng D\u01b0\u01a1ng\u00a0huy\u1ec1n tho\u1ea1i, ch\u1ee5p h\u00ecnh l\u01b0u ni\u1ec7m v\u00e0 chi\u00eam ng\u01b0\u1ee1ng to\u00e0n c\u1ea3nh Sapa.\u00a0(chi ph\u00ed c\u00e1p treo t\u1ef1 t\u00fac 700.000 vn\u0111\/ kh\u00e1ch)<\/p>\n<p>Tr\u01b0a:\u00a0Qu\u00fd kh\u00e1ch d\u00f9ng b\u1eefa tr\u01b0a t\u1ea1i nh\u00e0 h\u00e0ng.<\/p>\n<p>Bu\u1ed5i chi\u1ec1u, \u0111o\u00e0n kh\u1edfi h\u00e0nh v\u1ec1 H\u00e0 N\u1ed9i, tr\u00ean \u0111\u01b0\u1eddng v\u1ec1 &#8211; C\u1eeda kh\u1ea9u bi\u00ean gi\u1edbi Vi\u1ec7t &#8211; Trung \u201cL\u00e0o Cai- H\u00e0 Kh\u1ea9u\u201d, mua s\u1eafm t\u1ea1i\u00a0ch\u1ee3 C\u1ed1c L\u1ebfu &#8211; Trung t\u00e2m th\u01b0\u01a1ng m\u1ea1i l\u1edbn nh\u1ea5t\u00a0c\u1ee7a t\u1ec9nh L\u00e0o Cai. N\u01a1i \u0111\u00e2y b\u00e0y b\u00e1n \u0111a d\u1ea1ng \u0111\u1ee7 c\u00e1c lo\u1ea1i m\u1eb7t h\u00e0ng t\u1eeb th\u1ee7 c\u00f4ng m\u1ef9 ngh\u1ec7, tranh ngh\u1ec7 thu\u1eadt phong c\u1ea3nh \u0111\u1ebfn qu\u1ea7n \u00e1o\u2026s\u1ebd l\u00e0 m\u1ed9t \u0111i\u1ec3m mua s\u1eafm tuy\u1ec7t v\u1eddi v\u1edbi du kh\u00e1ch.<\/p>\n<p>T\u1ed1i:\u00a0V\u1ec1 \u0111\u1ebfn\u00a0H\u00e0 N\u1ed9i,\u00a0qu\u00fd kh\u00e1ch nh\u1eadn ph\u00f2ng kh\u00e1ch s\u1ea1n, ngh\u1ec9 ng\u01a1i.<\/p>\n<p>Qu\u00fd kh\u00e1ch \u0103n t\u1ed1i t\u1ea1i nh\u00e0 h\u00e0ng, sau \u0111\u00f3 t\u1ef1 do.<\/p>\n<h2>H\u00c0 N\u1ed8I &#8211; CH\u00d9A BA V\u00c0NG &#8211; H\u1ea0 LONG<\/h2>\n<p>S\u00e1ng:\u00a0Qu\u00fd kh\u00e1ch \u0103n s\u00e1ng sau \u0111\u00f3 l\u00e0m th\u1ee7 t\u1ee5c tr\u1ea3 ph\u00f2ng, HDV \u0111\u01b0a \u0111o\u00e0n di chuy\u1ec3n v\u1ec1\u00a0U\u00f4ng B\u00ed\u00a0tham quan ch\u00f9a Ba V\u00e0ng.\u00a0Ch\u00f9a Ba V\u00e0ng\u00a0c\u1ed5 c\u00f3 t\u00ean l\u00e0 B\u1ea3o Quang T\u1ef1, ch\u00f9a \u0111\u01b0\u1ee3c x\u00e2y d\u1ef1ng v\u00e0o n\u0103m \u1ea4t D\u1eadu, tri\u1ec1u vua L\u00ea D\u1ee5 T\u00f4ng t\u1ee9c n\u0103m 1676.<\/p>\n<p>Tr\u01b0a:\u00a0\u0110o\u00e0n d\u00f9ng c\u01a1m t\u1ea1i nh\u00e0 h\u00e0ng \u0111ia ph\u01b0\u01a1ng.<\/p>\n<p>Xe \u0111\u01b0a Qu\u00fd kh\u00e1ch v\u1ec1 H\u1ea1 Long nh\u1eadn ph\u00f2ng.<\/p>\n<p>T\u1ed1i:\u00a0Xe \u0111\u01b0a Qu\u00fd kh\u00e1ch ng\u1eafm\u00a0c\u1ea7u B\u00e3i Ch\u00e1y\u00a0v\u00e0 th\u00e0nh ph\u1ed1\u00a0H\u1ea1 Long\u00a0v\u1ec1 \u0111\u00eam. M\u1ed9t s\u1ed1 l\u1ef1a ch\u1ecdn d\u00e0nh cho Qu\u00fd kh\u00e1ch mu\u1ed1n kh\u00e1m ph\u00e1 th\u00eam H\u1ea1 Long:<\/p>\n<p>&#8211; Tham quan\u00a0Sun World Ha Long Park\u00a0b\u1eb1ng\u00a0c\u00e1p treo N\u1eef Ho\u00e0ng, tr\u1ea3i nghi\u1ec7m v\u00f2ng quay m\u1eb7t tr\u1eddi, tham quan v\u01b0\u1eddn Nh\u1eadt, khu tr\u01b0ng b\u00e0y t\u01b0\u1ee3ng s\u00e1p, khu vui ch\u01a1i tr\u1ebb em (Chi ph\u00ed t\u1ef1 t\u00fac).<\/p>\n<p>Qu\u00fd kh\u00e1ch ngh\u1ec9 \u0111\u00eam t\u1ea1i\u00a0kh\u00e1ch s\u1ea1n 3*\u00a0ho\u1eb7c t\u01b0\u01a1ng \u0111\u01b0\u01a1ng.<\/p>\n<h2>H\u1ea0 LONG &#8211; H\u00c0 N\u1ed8I<\/h2>\n<p>S\u00e1ng:\u00a0Qu\u00fd kh\u00e1ch d\u00f9ng \u0111i\u1ec3m t\u00e2m s\u00e1ng t\u1ea1i kh\u00e1ch s\u1ea1n, l\u00e0m th\u1ee7 t\u1ee5c tr\u1ea3 ph\u00f2ng, sau \u0111\u00f3 di chuy\u1ec3n ra b\u1ebfn t\u00e0u, xu\u1ed1ng t\u00e0u du ngo\u1ea1n:<\/p>\n<ul>\n<li>V\u1ecbnh H\u1ea1 Long\u00a0&#8211; Th\u1eafng c\u1ea3nh thi\u00ean nhi\u00ean tuy\u1ec7t \u0111\u1eb9p v\u00e0 v\u00f4 c\u00f9ng s\u1ed1ng \u0111\u1ed9ng, \u0111\u01b0\u1ee3c UNESCO c\u00f4ng nh\u1eadn l\u00e0 di s\u1ea3n thi\u00ean nhi\u00ean Th\u1ebf gi\u1edbi n\u0103m 1994.<\/li>\n<li>\u0110\u1ed9ng Thi\u00ean Cung\u00a0l\u00e0 m\u1ed9t trong nh\u1eefng \u0111\u1ed9ng \u0111\u1eb9p nh\u1ea5t \u1edf H\u1ea1 Long. V\u1ebb \u0111\u1eb9p nguy nga v\u00e0 l\u1ed9ng l\u1eaby b\u1edfi nh\u1eefng l\u1edbp th\u1ea1ch nh\u0169 v\u00e0 nh\u1eefng lu\u1ed3ng \u00e1nh s\u00e1ng lung linh.<\/li>\n<li>T\u1eeb tr\u00ean t\u00e0u ng\u1eafm nh\u00ecn c\u00e1c h\u00f2n \u0111\u1ea3o l\u1edbn nh\u1ecf trong\u00a0V\u1ecbnh H\u1ea1 Long: H\u00f2n G\u00e0 Ch\u1ecdi, H\u00f2n L\u01b0 H\u01b0\u01a1ng.<\/li>\n<\/ul>\n<p>Tr\u01b0a:\u00a0Qu\u00fd kh\u00e1ch d\u00f9ng b\u1eefa tr\u01b0a tr\u00ean t\u00e0u du l\u1ecbch, t\u1eadn h\u01b0\u1edfng c\u1ea3m gi\u00e1c tuy\u1ec7t v\u1eddi trong kh\u00f4ng gian c\u1ee7a V\u1ecbnh H\u1ea1 Long.<\/p>\n<p>Xe \u00f4 t\u00f4 \u0111\u00f3n Qu\u00fd kh\u00e1ch tr\u1edf v\u1ec1 H\u00e0 N\u1ed9i, Qu\u00fd kh\u00e1ch nh\u1eadn ph\u00f2ng kh\u00e1ch s\u1ea1n, ngh\u1ec9 ng\u01a1i.<\/p>\n<p>T\u1ed1i:\u00a0Qu\u00fd kh\u00e1ch \u0103n t\u1ed1i t\u1ea1i nh\u00e0 h\u00e0ng, sau \u0111\u00f3 t\u1ef1 do kh\u00e1m ph\u00e1 H\u00e0 N\u1ed9i v\u1ec1 \u0111\u00eam, v\u1edbi nh\u1eefng con ph\u1ed1 s\u1ea7m u\u1ea5t, n\u00e9t \u1ea9m th\u1ef1c \u0111\u1ed9c \u0111\u00e1o&#8230;. Ngh\u1ec9 \u0111\u00eam t\u1ea1i\u00a0kh\u00e1ch s\u1ea1n 3*\u00a0ho\u1eb7c t\u01b0\u01a1ng \u0111\u01b0\u01a1ng.<\/p>\n<h2>H\u00c0 N\u1ed8I &#8211; S\u00c0I G\u00d2N<\/h2>\n<p>S\u00e1ng:\u00a0Sau khi d\u00f9ng \u0111i\u1ec3m t\u00e2m s\u00e1ng, Qu\u00fd kh\u00e1ch l\u00e0m th\u1ee7 t\u1ee5c tr\u1ea3 ph\u00f2ng. Xe \u00f4 t\u00f4 \u0111\u01b0a Qu\u00fd kh\u00e1ch t\u1edbi Vi\u1ebfng th\u0103m L\u0103ng H\u1ed3 Ch\u1ee7 T\u1ecbch \u2013 t\u00ecm hi\u1ec3u v\u1ec1 cu\u1ed9c \u0111\u1eddi v\u00e0 s\u1ef1 nghi\u1ec7p c\u1ee7a v\u1ecb cha gi\u00e0 k\u00ednh y\u00eau c\u1ee7a d\u00e2n t\u1ed9c (kh\u00f4ng vi\u1ebfng v\u00e0o th\u1ee9 2, th\u1ee9 6 h\u00e0ng tu\u1ea7n),\u00a0nh\u00e0 S\u00e0n, ao c\u00e1 B\u00e1c H\u1ed3, B\u1ea3o T\u00e0ng H\u1ed3 Ch\u00ed Minh, Ch\u00f9a M\u1ed9t C\u1ed9t.<\/p>\n<p>Tr\u01b0a:\u00a0Qu\u00fd kh\u00e1ch d\u00f9ng b\u1eefa tr\u01b0a t\u1ea1i nh\u00e0\u00a0 h\u00e0ng.<\/p>\n<p>Sau b\u1eefa tr\u01b0a xe \u00f4 t\u00f4 \u0111\u01b0a Qu\u00fd kh\u00e1ch \u0111i mua s\u1eafm \u0111\u1eb7c s\u1ea3n H\u00e0 N\u1ed9i v\u1ec1 l\u00e0m qu\u00e0 cho ng\u01b0\u1eddi th\u00e2n v\u00e0 gia \u0111\u00ecnh. Sau \u0111\u00f3, \u0111o\u00e0n di chuy\u1ec3n ra\u00a0s\u00e2n bay N\u1ed9i B\u00e0i,\u00a0HDV l\u00e0m th\u1ee7 t\u1ee5c check-in\u00a0chuy\u1ebfn bay VJ165\u00a0kh\u1edfi h\u00e0nh l\u00fac 17h40.<\/p>\n<p>HDV chia tay \u0111o\u00e0n, h\u1eb9n g\u1eb7p l\u1ea1i Qu\u00fd kh\u00e1ch trong c\u00e1c h\u00e0nh tr\u00ecnh ti\u1ebfp theo. Ch\u00fac Qu\u00fd kh\u00e1ch th\u01b0\u1ee3ng l\u1ed9 b\u00ecnh an&#8230;!<\/p>\n","protected":false},"excerpt":{"rendered":"<p>T\u1edbi Sapa, Qu\u00fd kh\u00e1ch l\u00e0m th\u1ee7 t\u1ee5c nh\u1eadn ph\u00f2ng kh\u00e1ch s\u1ea1n. Xe v\u00e0 h\u01b0\u1edbng d\u1eabn vi\u00ean \u0111\u01b0a Qu\u00fd kh\u00e1ch \u0111i th\u0103m quan kh\u00e1m ph\u00e1\u00a0b\u1ea3n C\u00e1t C\u00e1t v\u00e0 Th\u00e1c Th\u1ee7y \u0110i\u1ec7n,\u00a0th\u01b0\u1edfng th\u1ee9c c\u00e1c ti\u1ebft m\u1ee5c bi\u1ec3u di\u1ec5n v\u0103n ngh\u1ec7 v\u00e0 t\u00ecm hi\u1ec3u v\u0103n h\u00f3a, phong t\u1ee5c \u0111\u1ed9c \u0111\u00e1o c\u1ee7a \u0111\u1ed3ng b\u00e0o d\u00e2n t\u1ed9c thi\u1ec3u s\u1ed1 n\u01a1i \u0111\u00e2y v\u1edbi ngh\u1ec1 truy\u1ec1n th\u1ed1ng nh\u01b0 d\u1ec7t v\u1ea3i, ch\u1ea1m tr\u1ed5 b\u1ea1c, r\u00e8n n\u00f4ng c\u1ee5, t\u1ee5c k\u00e9o v\u1ee3,\u2026<\/p>\n","protected":false},"featured_media":226,"template":"","meta":[],"product_brand":[],"product_cat":[41],"product_tag":[],"class_list":{"0":"post-225","1":"product","2":"type-product","3":"status-publish","4":"has-post-thumbnail","6":"product_cat-tour-mien-bac","7":"entry","8":"has-media","10":"first","11":"instock","12":"shipping-taxable","13":"product-type-simple","14":"col","15":"wpex-woo-entry","16":"span_1_of_4"},"_links":{"self":[{"href":"https:\/\/honglamtravel.com\/index.php?rest_route=\/wp\/v2\/product\/225","targetHints":{"allow":["GET"]}}],"collection":[{"href":"https:\/\/honglamtravel.com\/index.php?rest_route=\/wp\/v2\/product"}],"about":[{"href":"https:\/\/honglamtravel.com\/index.php?rest_route=\/wp\/v2\/types\/product"}],"wp:featuredmedia":[{"embeddable":true,"href":"https:\/\/honglamtravel.com\/index.php?rest_route=\/wp\/v2\/media\/226"}],"wp:attachment":[{"href":"https:\/\/honglamtravel.com\/index.php?rest_route=%2Fwp%2Fv2%2Fmedia&parent=225"}],"wp:term":[{"taxonomy":"product_brand","embeddable":true,"href":"https:\/\/honglamtravel.com\/index.php?rest_route=%2Fwp%2Fv2%2Fproduct_brand&post=225"},{"taxonomy":"product_cat","embeddable":true,"href":"https:\/\/honglamtravel.com\/index.php?rest_route=%2Fwp%2Fv2%2Fproduct_cat&post=225"},{"taxonomy":"product_tag","embeddable":true,"href":"https:\/\/honglamtravel.com\/index.php?rest_route=%2Fwp%2Fv2%2Fproduct_tag&post=225"}],"curies":[{"name":"wp","href":"https:\/\/api.w.org\/{rel}","templated":true}]}}