{"id":233,"date":"2018-09-28T14:01:16","date_gmt":"2018-09-28T07:01:16","guid":{"rendered":"https:\/\/honglamtravel.com\/?post_type=product&#038;p=233"},"modified":"2018-09-28T14:01:16","modified_gmt":"2018-09-28T07:01:16","slug":"ha-noi-ninh-binh-ha-long-chua-huong-5n4d","status":"publish","type":"product","link":"https:\/\/honglamtravel.com\/?product=ha-noi-ninh-binh-ha-long-chua-huong-5n4d","title":{"rendered":"H\u00e0 N\u1ed9i &#8211; Ninh B\u00ecnh &#8211; H\u1ea1 Long &#8211; Ch\u00f9a H\u01b0\u01a1ng (5N4\u0110)"},"content":{"rendered":"<p>S\u00e1ng:\u00a0Xe v\u00e0 HDV \u0111\u00f3n Qu\u00fd kh\u00e1ch t\u1ea1i s\u00e2n bay N\u1ed9i B\u00e0i.\u00a0Tr\u00ean \u0111\u01b0\u1eddng v\u1ec1 th\u1ee7 \u0111\u00f4, HDV s\u1ebd gi\u1edbi thi\u1ec7u v\u1ec1 cu\u1ed9c s\u1ed1ng, con ng\u01b0\u1eddi n\u01a1i \u0111\u00e2y. Xe \u0111\u01b0a qu\u00fd kh\u00e1ch \u0103n tr\u01b0a t\u1ea1i nh\u00e0 h\u00e0ng. V\u1ec1 kh\u00e1ch s\u1ea1n, nh\u1eadn ph\u00f2ng, ngh\u1ec9 ng\u01a1i.<\/p>\n<p>Chi\u1ec1u:\u00a0Qu\u00fd kh\u00e1ch th\u0103m:<\/p>\n<ul>\n<li>Ch\u00f9a Tr\u1ea5n Qu\u1ed1c \u2013 ng\u00f4i ch\u00f9a Tr\u1ea5n B\u1eafc c\u1ed5 k\u00ednh nh\u1ea5t Vi\u1ec7t Nam\u00a0v\u1edbi 1.500 n\u0103m tu\u1ed5i n\u1eb1m tr\u00ean b\u00e1n \u0111\u1ea3o c\u1ed3n Quy linh thi\u00eang, v\u1edbi truy\u1ec1n thuy\u1ebft v\u00e0 huy\u1ec1n tho\u1ea1i v\u1ec1 H\u1ed3 T\u00e2y, h\u1ed3 Tr\u00fac B\u1ea1ch.<\/li>\n<li>Ti\u1ebfp t\u1ee5c th\u0103m quan\u00a0\u0110\u1ec1n Ng\u1ecdc S\u01a1n, C\u1ea7u Th\u00ea H\u00fac, h\u1ed3 Ho\u00e0n Ki\u1ebfm &#8211; Tr\u1ef1c ti\u1ebfp ch\u1ee9ng ki\u1ebfn c\u1ee5 R\u00f9a\u00a0d\u00e0i 2,1m, ngang 1,2m \u0111\u01b0\u1ee3c tr\u01b0ng b\u00e0y t\u1ea1i \u0111\u1ec1n Ng\u1ecdc S\u01a1n.<\/li>\n<li>Qu\u00fd kh\u00e1ch gh\u00e9 th\u0103m\u00a0V\u0103n Mi\u1ebfu Qu\u1ed1c T\u1eed Gi\u00e1m\u00a0\u2013 n\u01a1i \u0111\u1ef1oc xem nh\u01b0 Tr\u01b0\u1eddng \u0110\u1ea1i h\u1ecdc \u0111\u1ea7u ti\u00ean c\u1ee7a Vi\u1ec7t Nam v\u1edbi 82 t\u1ea5m bia Ti\u1ebfn s\u1ef9 c\u00f2n l\u01b0u danh s\u1eed s\u00e1ch.<\/li>\n<\/ul>\n<p>T\u1ed1i:\u00a0\u0110o\u00e0n t\u1ef1 do tham quan ph\u1ed1 c\u1ed5 H\u00e0 N\u1ed9i, d\u1ea1o H\u1ed3 G\u01b0\u01a1m, mua s\u1eafm t\u1ea1i Ch\u1ee3 \u0111\u00eam H\u00e0 N\u1ed9i s\u1ea7m u\u1ea5t&#8230; Ngh\u1ec9 \u0111\u00eam t\u1ea1i kh\u00e1ch s\u1ea1n \u1edf H\u00e0 N\u1ed9i.<\/p>\n","protected":false},"excerpt":{"rendered":"<p>Xe v\u00e0 HDV \u0111\u00f3n Qu\u00fd kh\u00e1ch t\u1ea1i s\u00e2n bay N\u1ed9i B\u00e0i.\u00a0Tr\u00ean \u0111\u01b0\u1eddng v\u1ec1 th\u1ee7 \u0111\u00f4, HDV s\u1ebd gi\u1edbi thi\u1ec7u v\u1ec1 cu\u1ed9c s\u1ed1ng, con ng\u01b0\u1eddi n\u01a1i \u0111\u00e2y. Xe \u0111\u01b0a qu\u00fd kh\u00e1ch \u0103n tr\u01b0a t\u1ea1i nh\u00e0 h\u00e0ng. V\u1ec1 kh\u00e1ch s\u1ea1n, nh\u1eadn ph\u00f2ng, ngh\u1ec9 ng\u01a1i.<\/p>\n","protected":false},"featured_media":234,"template":"","meta":[],"product_brand":[],"product_cat":[41],"product_tag":[],"class_list":{"0":"post-233","1":"product","2":"type-product","3":"status-publish","4":"has-post-thumbnail","6":"product_cat-tour-mien-bac","7":"entry","8":"has-media","10":"first","11":"instock","12":"shipping-taxable","13":"product-type-simple","14":"col","15":"wpex-woo-entry","16":"span_1_of_4"},"_links":{"self":[{"href":"https:\/\/honglamtravel.com\/index.php?rest_route=\/wp\/v2\/product\/233","targetHints":{"allow":["GET"]}}],"collection":[{"href":"https:\/\/honglamtravel.com\/index.php?rest_route=\/wp\/v2\/product"}],"about":[{"href":"https:\/\/honglamtravel.com\/index.php?rest_route=\/wp\/v2\/types\/product"}],"wp:featuredmedia":[{"embeddable":true,"href":"https:\/\/honglamtravel.com\/index.php?rest_route=\/wp\/v2\/media\/234"}],"wp:attachment":[{"href":"https:\/\/honglamtravel.com\/index.php?rest_route=%2Fwp%2Fv2%2Fmedia&parent=233"}],"wp:term":[{"taxonomy":"product_brand","embeddable":true,"href":"https:\/\/honglamtravel.com\/index.php?rest_route=%2Fwp%2Fv2%2Fproduct_brand&post=233"},{"taxonomy":"product_cat","embeddable":true,"href":"https:\/\/honglamtravel.com\/index.php?rest_route=%2Fwp%2Fv2%2Fproduct_cat&post=233"},{"taxonomy":"product_tag","embeddable":true,"href":"https:\/\/honglamtravel.com\/index.php?rest_route=%2Fwp%2Fv2%2Fproduct_tag&post=233"}],"curies":[{"name":"wp","href":"https:\/\/api.w.org\/{rel}","templated":true}]}}