{"id":240,"date":"2018-09-28T14:13:39","date_gmt":"2018-09-28T07:13:39","guid":{"rendered":"https:\/\/honglamtravel.com\/?post_type=product&#038;p=240"},"modified":"2018-09-28T14:13:39","modified_gmt":"2018-09-28T07:13:39","slug":"ha-noi-sapa-cao-bang-ba-be-bac-kan-5n4d","status":"publish","type":"product","link":"https:\/\/honglamtravel.com\/?product=ha-noi-sapa-cao-bang-ba-be-bac-kan-5n4d","title":{"rendered":"H\u00e0 N\u1ed9i &#8211; Sapa &#8211; Cao B\u1eb1ng &#8211; Ba B\u1ec3 &#8211; B\u1eafc K\u1ea1n (5N4\u0110)"},"content":{"rendered":"<p><img loading=\"lazy\" decoding=\"async\" class=\"alignnone wp-image-241 size-full\" src=\"https:\/\/honglamtravel.com\/wp-content\/uploads\/2018\/09\/ha-noi-sapa-cao-bang-ba-be-1.png\" alt=\"\" width=\"800\" height=\"250\" \/><\/p>\n<p>04:30:\u00a0\u0110o\u00e0n c\u00f3 m\u1eb7t t\u1ea1i s\u00e2n bay T\u00e2n S\u01a1n Nh\u1ea5t l\u00e0m th\u1ee7 t\u1ee5c chuy\u1ebfn bay \u0111i\u00a0H\u00e0 N\u1ed9i l\u00fac 06h00.<\/p>\n<p>08:30:\u00a0Kh\u1edfi h\u00e0nh t\u1eeb H\u00e0 N\u1ed9i \u0111i\u00a0h\u1ed3 Ba B\u1ec3.<\/p>\n<p>09:00:\u00a0Qu\u00fd kh\u00e1ch d\u1eebng ch\u00e2n ngh\u1ec9 ng\u01a1i d\u1ecdc \u0111\u01b0\u1eddng, Qu\u00fd kh\u00e1ch ngh\u1ec9 ng\u01a1i, t\u1ef1 do \u0103n s\u00e1ng.<\/p>\n<p>11:30:\u00a0\u0110o\u00e0n d\u00f9ng b\u1eefa tr\u01b0a t\u1ea1i Ba B\u1ec3, Qu\u00fd kh\u00e1ch check in homestay t\u1ea1i b\u1ea3n P\u00e1c Ng\u00f2i.<\/p>\n<p>14:00:\u00a0H\u01b0\u1edbng d\u1eabn vi\u00ean c\u00f9ng Qu\u00fd kh\u00e1ch b\u00e1ch b\u1ed9 \u0111\u1ebfn b\u1ebfn thuy\u1ec1n\u00a0P\u00e1c Ng\u00f2i\u00a0\u0111\u1ec3 l\u00ean thuy\u1ec1n th\u0103m quan H\u1ed3 Ba B\u1ec3 v\u1eeba th\u01b0 gi\u00e3n ng\u1eafm c\u1ea3nh h\u1ed3, t\u1ef1 do ch\u1ee5p h\u00ecnh v\u00e0 gh\u00e9 th\u0103m c\u00e1c \u0111i\u1ec3m sau:<\/p>\n<ul>\n<li>Ao ti\u00ean: Ao Ti\u00ean r\u1ed9ng h\u01a1n 3.000m2, \u0111\u01b0\u1ee3c bao b\u1ecdc b\u1edfi n\u00fai \u0111\u00e1 v\u00f4i v\u00e0 r\u1eebng gi\u00e0 nguy\u00ean sinh, n\u01b0\u1edbc ao trong xanh, m\u00e1t l\u1ea1nh. \u0110\u1ebfn Ao Ti\u00ean du kh\u00e1ch c\u00f2n \u0111\u01b0\u1ee3c ng\u1eafm nh\u00ecn nh\u1eefng d\u1ea5u ch\u00e2n tr\u00ean \u0111\u00e1 v\u00e0 nghe c\u00e2u chuy\u1ec7n huy\u1ec1n tho\u1ea1i v\u1ec1 ch\u00e0ng th\u1ee3 s\u0103n v\u00e0 b\u1ea3y n\u00e0ng ti\u00ean n\u1eef.<\/li>\n<\/ul>\n<ul>\n<li>\u0110\u1ec1n An M\u1ea1:\u00a0T\u01b0\u01a1ng truy\u1ec1n, trong chi\u1ebfn tranh phong ki\u1ebfn th\u1eddi L\u00ea &#8211; M\u1ea1c, c\u00e1c t\u01b0\u1edbng nh\u00e0 M\u1ea1c \u0111\u00e3 th\u1ea5t tr\u1eadn, ch\u1ea1y \u0111\u1ebfn \u0110\u1ed9ng Pu\u00f4ng r\u1ed3i tu\u1eabn ti\u1ebft t\u1ea1i \u0111\u00f3. C\u1ea3m k\u00edch tinh th\u1ea7n trung li\u1ec7t, ng\u01b0\u1eddi d\u00e2n \u0111\u00e3 d\u1ef1ng \u0111\u1ec1n th\u1edd h\u1ecd M\u1ea1c, song lo b\u1ecb quan qu\u00e2n nh\u00e0 L\u00ea d\u1eb9p b\u1ecf n\u00ean \u0111\u00e3 \u0111\u1ed5i t\u00ean th\u00e0nh \u0110\u1ec1n An M\u1ea1. Hai t\u1eeb \u201cAn M\u1ea1\u201d theo ti\u1ebfng d\u00e2n t\u1ed9c T\u00e0y c\u00f3 ngh\u0129a l\u00e0 \u201cm\u1ed3 y\u00ean m\u1ea3 \u0111\u1eb9p\u201d, n\u01a1i y\u00ean ngh\u1ec9 c\u1ee7a c\u00e1c trung th\u1ea7n h\u1ecd M\u1ea1c.<\/li>\n<li>\u0110\u1ea3o B\u00e0 G\u00f3a\u00a0&#8211; m\u1ed9t h\u00f2n \u0111\u1ea3o nh\u1ecf xinh x\u1eafn n\u1eb1m ngay v\u1ecb tr\u00ed trong t\u00e2m c\u1ee7a H\u1ed3, g\u1eafn li\u1ec1n v\u1edbi s\u1ef1 t\u00edch h\u00ecnh th\u00e0nh c\u1ee7a H\u1ed3. Thuy\u1ec1n d\u1eebng l\u1ea1i \u1edf \u0111\u1ea3o B\u00e0 G\u00f3a \u0111\u1ec3 Qu\u00fd kh\u00e1ch c\u00f3 th\u1ec3 m\u1eb7c \u00e1o phao v\u00e0 \u0111\u1eafm m\u00ecnh trong l\u00e0n n\u01b0\u1edbc trong xanh v\u00e0 m\u00e1t l\u1ea1nh c\u1ee7a H\u1ed3 (\u0110o\u00e0n c\u00f3 kho\u1ea3ng 30 ph\u00fat t\u1eafm h\u1ed3).<\/li>\n<\/ul>\n<p>17:00:\u00a0Quay tr\u1edf l\u1ea1i Homestay \u0111\u1ec3 t\u1eafm r\u1eeda, ngh\u1ec9 ng\u01a1i ho\u1eb7c nh\u00e2m nhi ly cafe trong bu\u1ed5i chi\u1ec1u t\u00e0.<\/p>\n<p>18:30:\u00a0\u0102n t\u1ed1i v\u00e0\u00a0ngh\u1ec9 \u0111\u00eam t\u1ea1i Ba B\u1ec3. Bu\u1ed5i t\u1ed1i, Qu\u00fd kh\u00e1ch c\u00f3 th\u1ec3\u00a0l\u1ef1a ch\u1ecdn giao l\u01b0u v\u0103n ngh\u1ec7, \u0111\u1ed1t l\u1eeda tr\u1ea1i ho\u1eb7c nghe bi\u1ec3u di\u1ec5n h\u00e1t Then\u00a0c\u1ee7a ng\u01b0\u1eddi T\u00e0y\u00a0(chi ph\u00ed t\u1ef1 t\u00fac).<\/p>\n<p>\u0110o\u00e0n ngh\u1ec9 \u0111\u00eam t\u1ea1i kh\u00e1ch s\u1ea1n.<\/p>\n","protected":false},"excerpt":{"rendered":"<p>m\u1ed9t h\u00f2n \u0111\u1ea3o nh\u1ecf xinh x\u1eafn n\u1eb1m ngay v\u1ecb tr\u00ed trong t\u00e2m c\u1ee7a H\u1ed3, g\u1eafn li\u1ec1n v\u1edbi s\u1ef1 t\u00edch h\u00ecnh th\u00e0nh c\u1ee7a H\u1ed3. Thuy\u1ec1n d\u1eebng l\u1ea1i \u1edf \u0111\u1ea3o B\u00e0 G\u00f3a \u0111\u1ec3 Qu\u00fd kh\u00e1ch c\u00f3 th\u1ec3 m\u1eb7c \u00e1o phao v\u00e0 \u0111\u1eafm m\u00ecnh trong l\u00e0n n\u01b0\u1edbc trong xanh v\u00e0 m\u00e1t l\u1ea1nh c\u1ee7a H\u1ed3<\/p>\n","protected":false},"featured_media":242,"template":"","meta":[],"product_brand":[],"product_cat":[41],"product_tag":[],"class_list":{"0":"post-240","1":"product","2":"type-product","3":"status-publish","4":"has-post-thumbnail","6":"product_cat-tour-mien-bac","7":"entry","8":"has-media","10":"first","11":"instock","12":"shipping-taxable","13":"product-type-simple","14":"col","15":"wpex-woo-entry","16":"span_1_of_4"},"_links":{"self":[{"href":"https:\/\/honglamtravel.com\/index.php?rest_route=\/wp\/v2\/product\/240","targetHints":{"allow":["GET"]}}],"collection":[{"href":"https:\/\/honglamtravel.com\/index.php?rest_route=\/wp\/v2\/product"}],"about":[{"href":"https:\/\/honglamtravel.com\/index.php?rest_route=\/wp\/v2\/types\/product"}],"wp:featuredmedia":[{"embeddable":true,"href":"https:\/\/honglamtravel.com\/index.php?rest_route=\/wp\/v2\/media\/242"}],"wp:attachment":[{"href":"https:\/\/honglamtravel.com\/index.php?rest_route=%2Fwp%2Fv2%2Fmedia&parent=240"}],"wp:term":[{"taxonomy":"product_brand","embeddable":true,"href":"https:\/\/honglamtravel.com\/index.php?rest_route=%2Fwp%2Fv2%2Fproduct_brand&post=240"},{"taxonomy":"product_cat","embeddable":true,"href":"https:\/\/honglamtravel.com\/index.php?rest_route=%2Fwp%2Fv2%2Fproduct_cat&post=240"},{"taxonomy":"product_tag","embeddable":true,"href":"https:\/\/honglamtravel.com\/index.php?rest_route=%2Fwp%2Fv2%2Fproduct_tag&post=240"}],"curies":[{"name":"wp","href":"https:\/\/api.w.org\/{rel}","templated":true}]}}