{"id":243,"date":"2018-09-28T14:16:03","date_gmt":"2018-09-28T07:16:03","guid":{"rendered":"https:\/\/honglamtravel.com\/?post_type=product&#038;p=243"},"modified":"2018-09-28T14:16:03","modified_gmt":"2018-09-28T07:16:03","slug":"ha-noi-ha-giang-mua-hoa-tam-giac-mach-5n4d","status":"publish","type":"product","link":"https:\/\/honglamtravel.com\/?product=ha-noi-ha-giang-mua-hoa-tam-giac-mach-5n4d","title":{"rendered":"H\u00e0 N\u1ed9i &#8211; H\u00e0 Giang &#8211; M\u00f9a Hoa Tam Gi\u00e1c M\u1ea1ch (5N4\u0110)"},"content":{"rendered":"<p>Xe v\u00e0 HDV \u0111\u00f3n Qu\u00fd kh\u00e1ch kh\u1edfi h\u00e0nh \u0111i\u00a0H\u00e0 Giang\u00a0&#8211; v\u00f9ng \u0111\u1ea5t c\u00f3 ch\u00e8 san, r\u01b0\u1ee3u m\u1eadt ong v\u00e0 th\u1eafng c\u1ed1, x\u1ee9 s\u1edf c\u1ee7a \u0111\u00e0o phai, hoa l\u00ea, truy\u1ec1n th\u1ed1ng v\u00e0 n\u00e1o nhi\u1ec7t trong bu\u1ed5i ch\u1ee3 phi\u00ean\u2026 Tr\u00ean \u0111\u01b0\u1eddng, Qu\u00fd kh\u00e1ch c\u00f3 th\u1ec3 tranh th\u1ee7 ng\u1eafm c\u1ea3nh r\u1eebng n\u00fai \u0110\u00f4ng b\u1eafc v\u00f4 c\u00f9ng h\u00f9ng v\u0129 v\u00e0 hoang s\u01a1. V\u00e0 d\u1ecdc \u0111\u01b0\u1eddng \u0111i, xe s\u1ebd d\u1eebng ngh\u1ec9, Qu\u00fd kh\u00e1ch c\u00f3 th\u1ec3 xu\u1ed1ng s\u1ebd th\u01b0 gi\u00e3n v\u00e0 ch\u1ee5p h\u00ecnh l\u01b0u ni\u1ec7m.<\/p>\n","protected":false},"excerpt":{"rendered":"<p>Xe v\u00e0 HDV \u0111\u00f3n Qu\u00fd kh\u00e1ch kh\u1edfi h\u00e0nh \u0111i\u00a0H\u00e0 Giang\u00a0&#8211; v\u00f9ng \u0111\u1ea5t c\u00f3 ch\u00e8 san, r\u01b0\u1ee3u m\u1eadt ong v\u00e0 th\u1eafng c\u1ed1, x\u1ee9 s\u1edf c\u1ee7a \u0111\u00e0o phai, hoa l\u00ea, truy\u1ec1n th\u1ed1ng v\u00e0 n\u00e1o nhi\u1ec7t trong bu\u1ed5i ch\u1ee3 phi\u00ean\u2026 Tr\u00ean \u0111\u01b0\u1eddng, Qu\u00fd kh\u00e1ch c\u00f3 th\u1ec3 tranh th\u1ee7 ng\u1eafm c\u1ea3nh r\u1eebng n\u00fai \u0110\u00f4ng b\u1eafc v\u00f4 c\u00f9ng h\u00f9ng v\u0129 v\u00e0 hoang s\u01a1. V\u00e0 d\u1ecdc \u0111\u01b0\u1eddng \u0111i, xe s\u1ebd d\u1eebng ngh\u1ec9, Qu\u00fd kh\u00e1ch c\u00f3 th\u1ec3 xu\u1ed1ng s\u1ebd th\u01b0 gi\u00e3n v\u00e0 ch\u1ee5p h\u00ecnh l\u01b0u ni\u1ec7m.<\/p>\n","protected":false},"featured_media":244,"template":"","meta":[],"product_brand":[],"product_cat":[41],"product_tag":[],"class_list":{"0":"post-243","1":"product","2":"type-product","3":"status-publish","4":"has-post-thumbnail","6":"product_cat-tour-mien-bac","7":"entry","8":"has-media","10":"first","11":"instock","12":"shipping-taxable","13":"product-type-simple","14":"col","15":"wpex-woo-entry","16":"span_1_of_4"},"_links":{"self":[{"href":"https:\/\/honglamtravel.com\/index.php?rest_route=\/wp\/v2\/product\/243","targetHints":{"allow":["GET"]}}],"collection":[{"href":"https:\/\/honglamtravel.com\/index.php?rest_route=\/wp\/v2\/product"}],"about":[{"href":"https:\/\/honglamtravel.com\/index.php?rest_route=\/wp\/v2\/types\/product"}],"wp:featuredmedia":[{"embeddable":true,"href":"https:\/\/honglamtravel.com\/index.php?rest_route=\/wp\/v2\/media\/244"}],"wp:attachment":[{"href":"https:\/\/honglamtravel.com\/index.php?rest_route=%2Fwp%2Fv2%2Fmedia&parent=243"}],"wp:term":[{"taxonomy":"product_brand","embeddable":true,"href":"https:\/\/honglamtravel.com\/index.php?rest_route=%2Fwp%2Fv2%2Fproduct_brand&post=243"},{"taxonomy":"product_cat","embeddable":true,"href":"https:\/\/honglamtravel.com\/index.php?rest_route=%2Fwp%2Fv2%2Fproduct_cat&post=243"},{"taxonomy":"product_tag","embeddable":true,"href":"https:\/\/honglamtravel.com\/index.php?rest_route=%2Fwp%2Fv2%2Fproduct_tag&post=243"}],"curies":[{"name":"wp","href":"https:\/\/api.w.org\/{rel}","templated":true}]}}