{"id":272,"date":"2018-10-08T14:54:17","date_gmt":"2018-10-08T07:54:17","guid":{"rendered":"https:\/\/honglamtravel.com\/?post_type=product&#038;p=272"},"modified":"2018-10-12T13:17:11","modified_gmt":"2018-10-12T06:17:11","slug":"tour-du-lich-tet-2019-phu-yen-quy-nhon-4n4d","status":"publish","type":"product","link":"https:\/\/honglamtravel.com\/?product=tour-du-lich-tet-2019-phu-yen-quy-nhon-4n4d","title":{"rendered":"Tour Du L\u1ecbch T\u1ebft 2019: Ph\u00fa Y\u00ean &#8211; Quy Nh\u01a1n (4N4\u0110)"},"content":{"rendered":"<p>07h00:\u00a0Qu\u00fd kh\u00e1ch d\u00f9ng b\u1eefa s\u00e1ng t\u1ea1i khu v\u1ef1c \u0111\u1ea1i l\u00e3nh v\u1edbi c\u00e1c m\u00f3n \u0111\u1eb7c s\u1ea3n \u0111\u1ecba ph\u01b0\u01a1ng.<\/p>\n<p>08h00:\u00a0Xe \u0111\u00f3n qu\u00fd kh\u00e1ch ti\u1ebfp t\u1ee5c l\u1ed9 tr\u00ecnh \u0111i\u00a0Quy Nh\u01a1n.\u00a0Tr\u00ean \u0111\u01b0\u1eddng di chuy\u1ec3n qu\u00fd kh\u00e1ch nghe thuy\u1ebft minh v\u1ec1 nh\u1eefng th\u1eafng c\u1ea3nh n\u1ed5i ti\u1ebfng m\u00e0 \u0111o\u00e0n ngang qua:\u00a0H\u1ea3i \u0110\u0103ng, M\u0169i \u0110i\u1ec7n, Ng\u1eafm N\u00fai \u0110\u00e1 Bia, V\u1ecbnh V\u0169ng R\u00f4, B\u00e3i M\u00f4n, \u0110\u1ea7m \u00d4 Loan,\u2026<\/p>\n<p>\u0110\u1ebfn Quy Nh\u01a1n, qu\u00fd kh\u00e1ch v\u00e0o nh\u00e0 h\u00e0ng, d\u00f9ng b\u1eefa tr\u01b0a.<\/p>\n<p>Qu\u00fd kh\u00e1ch v\u1ec1 kh\u00e1ch s\u1ea1n, nh\u1eadn ph\u00f2ng v\u00e0 ngh\u1ec9 ng\u01a1i t\u1ef1 do. Sau \u0111\u00f3 qu\u00fd kh\u00e1ch t\u1ef1 do vui ch\u01a1i, t\u1eafm bi\u1ec3n v\u00e0 tr\u1ea3i nghi\u1ec7m c\u00e1c d\u1ecbch v\u1ee5 vui ch\u01a1i tr\u00ean b\u00e3i t\u1eafm: D\u00f9 l\u01b0\u1ee3n, moto n\u01b0\u1edbc, phao b\u01a1i, kayak,\u2026(t\u1ef1 t\u00fac c\u00e1c ph\u00ed).<\/p>\n<p>16h00:\u00a0Xe \u0111\u01b0a qu\u00fd kh\u00e1ch tham quan:<\/p>\n","protected":false},"excerpt":{"rendered":"<p>C\u00f4ng vi\u00ean \u0111\u1ed9ng v\u1eadt hoang d\u00e3\u00a0FLC Quy Nh\u01a1n\u00a0v\u1edbi t\u1ed5ng di\u1ec7n t\u00edch 129ha \u0111\u01b0\u1ee3c thi\u1ebft k\u1ebf x\u00e2y d\u1ef1ng theo quy m\u00f4 Safari chu\u1ea9n th\u1ebf gi\u1edbi s\u1ebd l\u00e0 n\u01a1i b\u1ea3o t\u1ed3n g\u1ea7n 900 c\u00e1 th\u1ec3 \u0111\u1ed9ng v\u1eadt. C\u00e1c lo\u1ea1i th\u00fa \u0111\u01b0\u1ee3c b\u1ea3o t\u1ed3n t\u1ea1i\u00a0FLC Zoo Safari Park Quy Nh\u01a1n\u00a0r\u1ea5t \u0111a d\u1ea1ng<\/p>\n","protected":false},"featured_media":273,"template":"","meta":[],"product_brand":[],"product_cat":[42],"product_tag":[],"class_list":{"0":"post-272","1":"product","2":"type-product","3":"status-publish","4":"has-post-thumbnail","6":"product_cat-tour-mien-trung","7":"entry","8":"has-media","10":"first","11":"instock","12":"shipping-taxable","13":"product-type-simple","14":"col","15":"wpex-woo-entry","16":"span_1_of_4"},"_links":{"self":[{"href":"https:\/\/honglamtravel.com\/index.php?rest_route=\/wp\/v2\/product\/272","targetHints":{"allow":["GET"]}}],"collection":[{"href":"https:\/\/honglamtravel.com\/index.php?rest_route=\/wp\/v2\/product"}],"about":[{"href":"https:\/\/honglamtravel.com\/index.php?rest_route=\/wp\/v2\/types\/product"}],"wp:featuredmedia":[{"embeddable":true,"href":"https:\/\/honglamtravel.com\/index.php?rest_route=\/wp\/v2\/media\/273"}],"wp:attachment":[{"href":"https:\/\/honglamtravel.com\/index.php?rest_route=%2Fwp%2Fv2%2Fmedia&parent=272"}],"wp:term":[{"taxonomy":"product_brand","embeddable":true,"href":"https:\/\/honglamtravel.com\/index.php?rest_route=%2Fwp%2Fv2%2Fproduct_brand&post=272"},{"taxonomy":"product_cat","embeddable":true,"href":"https:\/\/honglamtravel.com\/index.php?rest_route=%2Fwp%2Fv2%2Fproduct_cat&post=272"},{"taxonomy":"product_tag","embeddable":true,"href":"https:\/\/honglamtravel.com\/index.php?rest_route=%2Fwp%2Fv2%2Fproduct_tag&post=272"}],"curies":[{"name":"wp","href":"https:\/\/api.w.org\/{rel}","templated":true}]}}